{"id":99,"date":"2014-07-13T02:20:45","date_gmt":"2014-07-13T00:20:45","guid":{"rendered":"https:\/\/mikehenry.se\/arsmagica\/?page_id=99"},"modified":"2014-07-24T14:05:59","modified_gmt":"2014-07-24T12:05:59","slug":"other","status":"publish","type":"page","link":"https:\/\/mikehenry.se\/arsmagica\/rules\/other\/","title":{"rendered":"\u00d6vriga regler"},"content":{"rendered":"<p>Fr\u00e5n tid till annan publiceras det regeltill\u00e4gg p\u00e5 Internet och andra st\u00e4llen. P\u00e5 denna sida kan man hitta s\u00e5dan regler som \u00e4r \u00f6ppna f\u00f6r spelarna.<\/p>\n<h1>Net Wizard&#8217;s Grimoire<\/h1>\n<p>Det har under m\u00e5nga \u00e5r samlats en hel del trollformler av olika spelare p\u00e5 n\u00e4tet. Denna samling trollformler har ben\u00e4mnts &#8217;The Net Wizard&#8217;s Grimoire&#8217;. Den\u00a0finns numera i wiki-format och hittas <a href=\"http:\/\/spellswiki.wikidot.com\" target=\"_blank\">h\u00e4r<\/a>. Notera att trollformlerna i denna grimoire bara \u00e4r exempel p\u00e5 formler och det \u00e4r StoryGuiden som har den slutgiltiga svaret p\u00e5 om en viss formel kan anv\u00e4ndas eller vad som h\u00e4nder n\u00e4r en viss formel kastas.<\/p>\n<h1>Project Redcap<\/h1>\n<p>Project Redcap \u00e4r ett Ars Magica Community (ocks\u00e5 i form av en wiki) som du hittar <a href=\"http:\/\/www.redcap.org\" target=\"_blank\">h\u00e4r<\/a>.<\/p>\n","protected":false},"excerpt":{"rendered":"<p>Fr\u00e5n tid till annan publiceras det regeltill\u00e4gg p\u00e5 Internet och andra st\u00e4llen. P\u00e5 denna sida kan man hitta s\u00e5dan regler som \u00e4r \u00f6ppna f\u00f6r spelarna. Net Wizard&#8217;s Grimoire Det har under m\u00e5nga \u00e5r samlats en hel del trollformler av olika spelare p\u00e5 n\u00e4tet. Denna samling trollformler har ben\u00e4mnts &#8217;The Net Wizard&#8217;s Grimoire&#8217;. Den\u00a0finns numera i &hellip; <a href=\"https:\/\/mikehenry.se\/arsmagica\/rules\/other\/\" class=\"more-link\">Continue reading <span class=\"meta-nav\">&rarr;<\/span><\/a><\/p>\n","protected":false},"author":1,"featured_media":0,"parent":33,"menu_order":2,"comment_status":"open","ping_status":"closed","template":"","meta":{"jetpack_post_was_ever_published":false,"footnotes":""},"class_list":["post-99","page","type-page","status-publish","hentry"],"jetpack_sharing_enabled":true,"jetpack_shortlink":"https:\/\/wp.me\/P4Pfdx-1B","_links":{"self":[{"href":"https:\/\/mikehenry.se\/arsmagica\/wp-json\/wp\/v2\/pages\/99","targetHints":{"allow":["GET"]}}],"collection":[{"href":"https:\/\/mikehenry.se\/arsmagica\/wp-json\/wp\/v2\/pages"}],"about":[{"href":"https:\/\/mikehenry.se\/arsmagica\/wp-json\/wp\/v2\/types\/page"}],"author":[{"embeddable":true,"href":"https:\/\/mikehenry.se\/arsmagica\/wp-json\/wp\/v2\/users\/1"}],"replies":[{"embeddable":true,"href":"https:\/\/mikehenry.se\/arsmagica\/wp-json\/wp\/v2\/comments?post=99"}],"version-history":[{"count":11,"href":"https:\/\/mikehenry.se\/arsmagica\/wp-json\/wp\/v2\/pages\/99\/revisions"}],"predecessor-version":[{"id":651,"href":"https:\/\/mikehenry.se\/arsmagica\/wp-json\/wp\/v2\/pages\/99\/revisions\/651"}],"up":[{"embeddable":true,"href":"https:\/\/mikehenry.se\/arsmagica\/wp-json\/wp\/v2\/pages\/33"}],"wp:attachment":[{"href":"https:\/\/mikehenry.se\/arsmagica\/wp-json\/wp\/v2\/media?parent=99"}],"curies":[{"name":"wp","href":"https:\/\/api.w.org\/{rel}","templated":true}]}}