{"id":97,"date":"2014-07-13T02:19:41","date_gmt":"2014-07-13T00:19:41","guid":{"rendered":"https:\/\/mikehenry.se\/arsmagica\/?page_id=97"},"modified":"2014-08-16T01:30:57","modified_gmt":"2014-08-15T23:30:57","slug":"house","status":"publish","type":"page","link":"https:\/\/mikehenry.se\/arsmagica\/rules\/house\/","title":{"rendered":"Husregler"},"content":{"rendered":"<p>Reglerna i Ars Magica t\u00e4cker mycket men kanske inte allt. Eller s\u00e5 \u00e4r man inte n\u00f6jd med reglerna som de \u00e4r skrivna. F\u00f6r s\u00e5dana regler som denna trupp \u00e4r \u00f6verens om och som inte st\u00e4mmer eller finns i utgivna b\u00f6cker nedtecknas de h\u00e4r.<\/p>\n<p>Vissa regler har \u00e4ndrats i Ars Magica 5, s\u00e5som karakt\u00e4rsgenerering och stridssystemet. Nedan f\u00f6ljer klarifiering av vilka regler som g\u00e4ller f\u00f6r denna Saga:<\/p>\n<h1>Truppspel<\/h1>\n<p>Vid skapande av en Magus ska inte dennes Companion eller Grogs skapas eller spelas av den som skapat eller spelar Magusen, utan av andra i truppen.<\/p>\n<h1>Stridregler<\/h1>\n<p><a href=\"https:\/\/mikehenry.se\/arsmagica\/wp-content\/uploads\/2014\/07\/LoMWebSupplement.pdf\"><img data-recalc-dims=\"1\" loading=\"lazy\" decoding=\"async\" class=\"alignright wp-image-632 size-medium\" src=\"https:\/\/i0.wp.com\/mikehenry.se\/arsmagica\/wp-content\/uploads\/2014\/07\/0293.jpg?resize=231%2C300&#038;ssl=1\" alt=\"Lords of Men\" width=\"231\" height=\"300\" srcset=\"https:\/\/i0.wp.com\/mikehenry.se\/arsmagica\/wp-content\/uploads\/2014\/07\/0293.jpg?resize=231%2C300&amp;ssl=1 231w, https:\/\/i0.wp.com\/mikehenry.se\/arsmagica\/wp-content\/uploads\/2014\/07\/0293.jpg?w=288&amp;ssl=1 288w\" sizes=\"auto, (max-width: 231px) 100vw, 231px\" \/><\/a>Vi anv\u00e4nder stridsreglerna fr\u00e5n <em>Lords of Men<\/em> som \u00e4r mer detaljerade \u00e4n de som \u00e5terfinns i grundreglerna.<\/p>\n<p>Klicka p\u00e5 bilden bredvid f\u00f6r att ladda ner spelarh\u00e4ftet med <em>Lords of Men<\/em> supplementet d\u00e4r stridsreglerna finns.<\/p>\n<h1><\/h1>\n","protected":false},"excerpt":{"rendered":"<p>Reglerna i Ars Magica t\u00e4cker mycket men kanske inte allt. Eller s\u00e5 \u00e4r man inte n\u00f6jd med reglerna som de \u00e4r skrivna. F\u00f6r s\u00e5dana regler som denna trupp \u00e4r \u00f6verens om och som inte st\u00e4mmer eller finns i utgivna b\u00f6cker nedtecknas de h\u00e4r. Vissa regler har \u00e4ndrats i Ars Magica 5, s\u00e5som karakt\u00e4rsgenerering och stridssystemet. &hellip; <a href=\"https:\/\/mikehenry.se\/arsmagica\/rules\/house\/\" class=\"more-link\">Continue reading <span class=\"meta-nav\">&rarr;<\/span><\/a><\/p>\n","protected":false},"author":1,"featured_media":0,"parent":33,"menu_order":1,"comment_status":"open","ping_status":"closed","template":"","meta":{"jetpack_post_was_ever_published":false,"footnotes":""},"class_list":["post-97","page","type-page","status-publish","hentry"],"jetpack_sharing_enabled":true,"jetpack_shortlink":"https:\/\/wp.me\/P4Pfdx-1z","_links":{"self":[{"href":"https:\/\/mikehenry.se\/arsmagica\/wp-json\/wp\/v2\/pages\/97","targetHints":{"allow":["GET"]}}],"collection":[{"href":"https:\/\/mikehenry.se\/arsmagica\/wp-json\/wp\/v2\/pages"}],"about":[{"href":"https:\/\/mikehenry.se\/arsmagica\/wp-json\/wp\/v2\/types\/page"}],"author":[{"embeddable":true,"href":"https:\/\/mikehenry.se\/arsmagica\/wp-json\/wp\/v2\/users\/1"}],"replies":[{"embeddable":true,"href":"https:\/\/mikehenry.se\/arsmagica\/wp-json\/wp\/v2\/comments?post=97"}],"version-history":[{"count":9,"href":"https:\/\/mikehenry.se\/arsmagica\/wp-json\/wp\/v2\/pages\/97\/revisions"}],"predecessor-version":[{"id":709,"href":"https:\/\/mikehenry.se\/arsmagica\/wp-json\/wp\/v2\/pages\/97\/revisions\/709"}],"up":[{"embeddable":true,"href":"https:\/\/mikehenry.se\/arsmagica\/wp-json\/wp\/v2\/pages\/33"}],"wp:attachment":[{"href":"https:\/\/mikehenry.se\/arsmagica\/wp-json\/wp\/v2\/media?parent=97"}],"curies":[{"name":"wp","href":"https:\/\/api.w.org\/{rel}","templated":true}]}}