{"id":92,"date":"2014-07-13T02:04:28","date_gmt":"2014-07-13T00:04:28","guid":{"rendered":"https:\/\/mikehenry.se\/arsmagica\/?page_id=92"},"modified":"2014-07-23T23:40:01","modified_gmt":"2014-07-23T21:40:01","slug":"spelare","status":"publish","type":"page","link":"https:\/\/mikehenry.se\/arsmagica\/saga\/spelare\/","title":{"rendered":"Spelare"},"content":{"rendered":"<p>H\u00e4r f\u00f6ljer spelarkarakt\u00e4rerna i E\u00e4rop\u00e9a sagan. Vissa spelas oftare \u00e4n andra men alla har n\u00e5got speciellt att bidra med.<\/p>\n<p><img data-recalc-dims=\"1\" loading=\"lazy\" decoding=\"async\" class=\"aligncenter size-full wp-image-621\" src=\"https:\/\/i0.wp.com\/mikehenry.se\/arsmagica\/wp-content\/uploads\/2014\/07\/hibt-cvr.gif?resize=545%2C545&#038;ssl=1\" alt=\"The Contested Isle\" width=\"545\" height=\"545\" \/><\/p>\n<p><strong>Lucienne<\/strong> &#8211; Trollkvinnan av Det Evigf\u00f6r\u00e4nderliga Vinden och Sinnet. Stormryttaren hade n\u00e4stan ihj\u00e4l henne n\u00e4r hon var yngre. N\u00e5got som g\u00f6r henne h\u00e4mndlysten f\u00f6r.<\/p>\n<p><strong>Torlen<\/strong> &#8211; Denna \u00e5ldrande krigare \u00e4r grog:arnas Sergeant. Envis med en stor portion sunt f\u00f6rnuft. Han \u00e4r som en farbror f\u00f6r Lucienne.<\/p>\n<p><strong>Clobi<\/strong> &#8211; En enormt stor och v\u00e4ltr\u00e4nad yx-man. Kan ha aggressiva och brutala stunder men ocks\u00e5 vara \u00f6msint. Han var en g\u00e5ng skarpr\u00e4ttare \u00e5t en lokal riddare. Nu \u00e4r han lojal mot Lucienne.<\/p>\n<p><strong>Lorine<\/strong> &#8211; En praktisk och sansad kvinna och en mycket kapabel b\u00e5gskytt. Hennes far m\u00f6rdades brutalt av Stormryttaren och hon \u00e4r ute efter h\u00e4mnd. Hon och Lucienne har detta gemensamt.<\/p>\n<p><strong>Caeron<\/strong> &#8211; Trollkarlen av Den Om\u00e4rkbara Ber\u00f6ringen och Verdanta Skogen. En energisk och vitsig ung Magus som fortfarande beter sig som en viktigpetter.<\/p>\n<p><strong>Tom\u00e1s<\/strong> &#8211; En v\u00e4lutbildad men melankolisk akademiker. Det h\u00e4nder att han ser in i andarnas v\u00e4rld och sl\u00e5s av visioner. Han deltar aldrig i strid.<\/p>\n<p><strong>Ram\u00f3n<\/strong> &#8211; En v\u00e4ldigt f\u00f6rsiktig spejare och krigare. Han \u00e4r en utm\u00e4rkt sp\u00e5rare, med en intuitive f\u00f6rst\u00e5else f\u00f6r vildmarken. Han \u00e4r skyldig Caeron en tj\u00e4nst.<\/p>\n<p><strong>Jerem\u00e9<\/strong> &#8211; Sk\u00f6ld-grog \u00e5t Caeron. Denna tuffa krigare st\u00e5r lojalt vid den unga Magusens sida i alla v\u00e4der. \u00e4nda sedan Lorine f\u00f6rkastade hans framst\u00f6tar har han njutit lite f\u00f6r mycket av vinets rosiga skimmer.<\/p>\n","protected":false},"excerpt":{"rendered":"<p>H\u00e4r f\u00f6ljer spelarkarakt\u00e4rerna i E\u00e4rop\u00e9a sagan. Vissa spelas oftare \u00e4n andra men alla har n\u00e5got speciellt att bidra med. Lucienne &#8211; Trollkvinnan av Det Evigf\u00f6r\u00e4nderliga Vinden och Sinnet. Stormryttaren hade n\u00e4stan ihj\u00e4l henne n\u00e4r hon var yngre. N\u00e5got som g\u00f6r henne h\u00e4mndlysten f\u00f6r. Torlen &#8211; Denna \u00e5ldrande krigare \u00e4r grog:arnas Sergeant. Envis med en stor &hellip; <a href=\"https:\/\/mikehenry.se\/arsmagica\/saga\/spelare\/\" class=\"more-link\">Continue reading <span class=\"meta-nav\">&rarr;<\/span><\/a><\/p>\n","protected":false},"author":1,"featured_media":0,"parent":31,"menu_order":2,"comment_status":"open","ping_status":"open","template":"","meta":{"jetpack_post_was_ever_published":false,"footnotes":""},"class_list":["post-92","page","type-page","status-publish","hentry"],"jetpack_sharing_enabled":true,"jetpack_shortlink":"https:\/\/wp.me\/P4Pfdx-1u","_links":{"self":[{"href":"https:\/\/mikehenry.se\/arsmagica\/wp-json\/wp\/v2\/pages\/92","targetHints":{"allow":["GET"]}}],"collection":[{"href":"https:\/\/mikehenry.se\/arsmagica\/wp-json\/wp\/v2\/pages"}],"about":[{"href":"https:\/\/mikehenry.se\/arsmagica\/wp-json\/wp\/v2\/types\/page"}],"author":[{"embeddable":true,"href":"https:\/\/mikehenry.se\/arsmagica\/wp-json\/wp\/v2\/users\/1"}],"replies":[{"embeddable":true,"href":"https:\/\/mikehenry.se\/arsmagica\/wp-json\/wp\/v2\/comments?post=92"}],"version-history":[{"count":6,"href":"https:\/\/mikehenry.se\/arsmagica\/wp-json\/wp\/v2\/pages\/92\/revisions"}],"predecessor-version":[{"id":625,"href":"https:\/\/mikehenry.se\/arsmagica\/wp-json\/wp\/v2\/pages\/92\/revisions\/625"}],"up":[{"embeddable":true,"href":"https:\/\/mikehenry.se\/arsmagica\/wp-json\/wp\/v2\/pages\/31"}],"wp:attachment":[{"href":"https:\/\/mikehenry.se\/arsmagica\/wp-json\/wp\/v2\/media?parent=92"}],"curies":[{"name":"wp","href":"https:\/\/api.w.org\/{rel}","templated":true}]}}