{"id":89,"date":"2014-07-13T02:01:57","date_gmt":"2014-07-13T00:01:57","guid":{"rendered":"https:\/\/mikehenry.se\/arsmagica\/?page_id=89"},"modified":"2014-07-24T00:47:10","modified_gmt":"2014-07-23T22:47:10","slug":"assets","status":"publish","type":"page","link":"https:\/\/mikehenry.se\/arsmagica\/guild\/assets\/","title":{"rendered":"Tillg\u00e5ngar"},"content":{"rendered":"<p>Gillet har samlat p\u00e5 sig m\u00e5nga saker genom \u00e5ren. Det \u00e4r ocks\u00e5 mycket som man kan beh\u00f6va. Det mesta som man kan t\u00e4nkas beh\u00f6va finns p\u00e5 gillet. Sv\u00e5righeten \u00e4r att hitta det. Lagerutrymmena \u00e4r inte s\u00e5 v\u00e4l organiserade och saker och ting finns str\u00f6dda lite h\u00e4r och lite d\u00e4r. Nedan beskrivs de tillg\u00e5ngarna som man har bra koll p\u00e5.<\/p>\n<h1>Mond\u00e4na tillg\u00e5ngar<\/h1>\n<p>Det finns en m\u00e5ngd saker som tillh\u00f6r gillet och som kan anv\u00e4ndas vid behov. Nedan beskrivs vanliga mond\u00e4na saker.<\/p>\n<p><strong>Utrustning<\/strong> &#8211; Diverse verktyg s\u00e5som hackor, spadar, rep, tunnor, s\u00e4ckar, extra v\u00e4skor, kastuller, filtar, diverse m\u00f6bler, jakttrof\u00e9er och en otalig m\u00e4ngd annat br\u00e5te, kan man hitta de olika f\u00f6rr\u00e5den i k\u00e4llaren, vid stallen och lite \u00f6verallt i gillet.<\/p>\n<p><strong>Mat<\/strong> &#8211; N\u00e4stan all mat p\u00e5 gillet k\u00f6ps fr\u00e5n de kringliggande byarna och betalas med silver fr\u00e5n Dj\u00e4vulens N\u00e4sborre. Vatten och getmj\u00f6lk, getost och \u00e4gg produceras lokalt i gillet.<\/p>\n<p><strong>H\u00e4star<\/strong> &#8211; Det finns sju ridh\u00e4star och fyra pack\u00e5snor i gillet stall.<\/p>\n<p><strong>Djurh\u00e5llning<\/strong> &#8211; N\u00e5gra av gillesborna driver getter l\u00e4ngs bergssluttningen i n\u00e4rheten. Gillets 20 getter h\u00e5lls i ett extra stall under vintern. En m\u00e4ngd h\u00f6ns h\u00e5lls i tr\u00e4burar intill pallisaden.<\/p>\n<p><strong>T\u00e4lt<\/strong> &#8211; Ett stort t\u00e4lt (tre g\u00e5nger fem steg uppf\u00e4llt) finns i f\u00f6rr\u00e5det bredvid stallet. Det t\u00e4ltet kr\u00e4ver en \u00e5sna som b\u00e4r det. Ett dussin tv\u00e5-mans t\u00e4lt (Load -5) finns hos Grog:arna i sina rum.<\/p>\n<h1>Mystiska tillg\u00e5ngar<\/h1>\n<p>Sedan finns det ocks\u00e5 s\u00e5dant som tillh\u00f6r gillet och som \u00e4r av magisk natur. S\u00e5dan tillg\u00e5ngar f\u00e5r normalt bara anv\u00e4ndas av Magikerna, om inte speciellt tillst\u00e5nd utverkats.<\/p>\n<p><strong>Aegis of the Hearth<\/strong> &#8211; Denna formel kastas p\u00e5 gillet varje \u00e5r av Magi tillsammans. Formeln av tredje magnituden och ger s\u00e5ledes +15 i skydd mot trollformler som kastas in i gillet av andra Magi. Att kasta formeln kostar 3 m\u00e5tt Rego eller Vim vis \u00e5rligen.<\/p>\n<p><strong>Magisk Aura<\/strong> &#8211; Berget runt Mistridge har en Aura p\u00e5 3 och dimman som ofta finns kring sluttningen verkar vara bunden till denna Aura. Ingen har en aning om varf\u00f6r detta omr\u00e5de har en s\u00e5dan Aura men det \u00e4r ingen som klagar \u00f6ver det.<\/p>\n<p><strong>Vis<\/strong> &#8211; Magikerna p\u00e5 Mistridge samlar sju m\u00e5tt Herbam vis fr\u00e5n Svampst\u00e4llet och sex m\u00e5tt Aquam vis fr\u00e5n Brunnen, varje \u00e5r. Herbam viset \u00e4r officiellt Mistridge enligt ett domslut fr\u00e5n Proven\u00e7al Tribunalen. Brunnen \u00e4r d\u00e4remot inte deklararerad hos Tribunalen utan man f\u00f6rs\u00f6ker h\u00e5lla den hemlig. Av de tretton m\u00e5tten vis som samlas \u00e5rligen byter man normalt fyra av dessa med gillet Bellaquin mot tre m\u00e5tt Rego vis som beh\u00f6vs f\u00f6r att man ska kunna kasta Mistridges Aegis of the Hearth.<\/p>\n<p><strong>Laboratorier<\/strong> &#8211; Varje Magus har, f\u00f6r n\u00e4rvarande, ett adekvat laboratorium inuti sitt Sanctum. Om nya Magiker ansluter sig till gillet kan Mistridge inte omedelbart utrusta ett laboratorium \u00e5t denne. Alternativa eller delade resurser beh\u00f6ver ordnas f\u00f6r att kunna ta emot nya Magiker.<\/p>\n<p><strong>\u00d6vriga formler<\/strong> &#8211; F\u00f6rutom gillets Aegis och formlerna som kastats p\u00e5 varje Magus santum, s\u00e5 finns det ytterligare tv\u00e5 formler som st\u00e4ndigt verkar p\u00e5 gillet. Den ena \u00e4r en Creo Auram formel som h\u00e5ller luften fr\u00e4sch och andningsbar (liknande formeln Chamber of Spring Breezes). Den andra \u00e4r en Rego Ignem formel som h\u00e5ller en j\u00e4mn och uth\u00e4rdlig temperatur i tornet \u00e5ret om. Som det \u00e4r \u00e4r transporten av ved uppf\u00f6r berget och in i k\u00f6ket en stor del av Grogarnas och de \u00f6vriga gellesbornas arbete. Att b\u00e4ra tillr\u00e4ckligt med ved f\u00f6r att h\u00e5lla hela tornet varmt vore i det n\u00e4rmaste om\u00f6jligt.<\/p>\n","protected":false},"excerpt":{"rendered":"<p>Gillet har samlat p\u00e5 sig m\u00e5nga saker genom \u00e5ren. Det \u00e4r ocks\u00e5 mycket som man kan beh\u00f6va. Det mesta som man kan t\u00e4nkas beh\u00f6va finns p\u00e5 gillet. Sv\u00e5righeten \u00e4r att hitta det. Lagerutrymmena \u00e4r inte s\u00e5 v\u00e4l organiserade och saker och ting finns str\u00f6dda lite h\u00e4r och lite d\u00e4r. Nedan beskrivs de tillg\u00e5ngarna som man &hellip; <a href=\"https:\/\/mikehenry.se\/arsmagica\/guild\/assets\/\" class=\"more-link\">Continue reading <span class=\"meta-nav\">&rarr;<\/span><\/a><\/p>\n","protected":false},"author":1,"featured_media":0,"parent":29,"menu_order":3,"comment_status":"open","ping_status":"closed","template":"","meta":{"jetpack_post_was_ever_published":false,"footnotes":""},"class_list":["post-89","page","type-page","status-publish","hentry"],"jetpack_sharing_enabled":true,"jetpack_shortlink":"https:\/\/wp.me\/P4Pfdx-1r","_links":{"self":[{"href":"https:\/\/mikehenry.se\/arsmagica\/wp-json\/wp\/v2\/pages\/89","targetHints":{"allow":["GET"]}}],"collection":[{"href":"https:\/\/mikehenry.se\/arsmagica\/wp-json\/wp\/v2\/pages"}],"about":[{"href":"https:\/\/mikehenry.se\/arsmagica\/wp-json\/wp\/v2\/types\/page"}],"author":[{"embeddable":true,"href":"https:\/\/mikehenry.se\/arsmagica\/wp-json\/wp\/v2\/users\/1"}],"replies":[{"embeddable":true,"href":"https:\/\/mikehenry.se\/arsmagica\/wp-json\/wp\/v2\/comments?post=89"}],"version-history":[{"count":4,"href":"https:\/\/mikehenry.se\/arsmagica\/wp-json\/wp\/v2\/pages\/89\/revisions"}],"predecessor-version":[{"id":640,"href":"https:\/\/mikehenry.se\/arsmagica\/wp-json\/wp\/v2\/pages\/89\/revisions\/640"}],"up":[{"embeddable":true,"href":"https:\/\/mikehenry.se\/arsmagica\/wp-json\/wp\/v2\/pages\/29"}],"wp:attachment":[{"href":"https:\/\/mikehenry.se\/arsmagica\/wp-json\/wp\/v2\/media?parent=89"}],"curies":[{"name":"wp","href":"https:\/\/api.w.org\/{rel}","templated":true}]}}