{"id":87,"date":"2014-07-13T02:01:07","date_gmt":"2014-07-13T00:01:07","guid":{"rendered":"https:\/\/mikehenry.se\/arsmagica\/?page_id=87"},"modified":"2014-07-24T00:46:34","modified_gmt":"2014-07-23T22:46:34","slug":"magi","status":"publish","type":"page","link":"https:\/\/mikehenry.se\/arsmagica\/guild\/magi\/","title":{"rendered":"Magi"},"content":{"rendered":"<p>Mistridge leds f\u00f6r n\u00e4rvarande av fem Magiker.<\/p>\n<h1>Grimgroth<\/h1>\n<p>\u00c4nda sedan Consuelia l\u00e4mnade Mistridge har Grimgroth gradvis antagit hennes roll som ledare. Det verkar inte vara ett ansvar han trivs med men han g\u00f6r det \u00e4nd\u00e5 f\u00f6r att hindra att de andra Magikerna fr\u00e5n att skingras. Han lyckas dock bara delvis. Clavius och Oculo gn\u00e4ller konstant p\u00e5 varandra och Vulcris och Felix opponerar sig bittert alla hans f\u00f6rslag.<\/p>\n<h1>Clavius<\/h1>\n<p>En l\u00e5ng man med sk\u00e4gg, knivskarpa \u00f6gon och stripigt r\u00f6dbrunt h\u00e5r \u00e4r Clavius av huset Criamon en specialist i studien av sinnet (Mentem) och Aristotoles filosofi. Han har dock inte sagt ett ord p\u00e5 sexton \u00e5r.<\/p>\n<h1>Felix Necromius<\/h1>\n<p>I de fuktiga grottorna under tornet i Mistridge har Felix skapat sitt hem, sitt Sanctum. Han s\u00e4ger att han gillar det f\u00f6r att han f\u00e5r vara ifred d\u00e4r. Och sannerligen \u00e4r det s\u00e5 att ingen vill g\u00e5 ner dit i on\u00f6dan. Fukten st\u00f6r honom inte heller och han kommenterar aldrig den vederv\u00e4rdiga lukten som sipprar ur hans krypta. \u00c5ren i sitt sanctum har gjort Felix blek och tunn. Helt upptagen av sitt arbete, har han f\u00f6rsummat b\u00e5de sin h\u00e4lsa och sitt utseende. Han sveper sin pl\u00e5gade kropp med trasiga gr\u00e5a robes, vilka \u00e4r nedsmutsade med lera, damm och blod.<\/p>\n<h1>Oculo<\/h1>\n<p>En kort, tunn Magiker med ett klotformat ansikte och knubbiga h\u00e4nder, Oculo \u00e4r en konstigt missformad person. Oredligt, blont h\u00e5r ligger tillplattat p\u00e5 hennes huvud och djupa rynkor f\u00e5rar hennes m\u00f6rka bl\u00e5a \u00f6gon. Kl\u00e4dd i l\u00e4tta gr\u00f6na robes av silke eller en brun ylletunika vid informella tillf\u00e4llen, Oculo skulle kunna vara vilken \u00e5lder som hellst, eller vilket k\u00f6n som hellst, eller ingetdera. Faktum \u00e4r att hon \u00e4r en kvinna men detta intresserar henne inte och hon van vid att misstas f\u00f6r en man.<\/p>\n<h1>Vulcris<\/h1>\n<p>Vulcris \u00e4r en gammal och f\u00f6rvriden kvinna med m\u00f6rkgr\u00e5tt, tovigt h\u00e5r som b\u00f6rjar bli lite tunnt ovanp\u00e5. Hennes robes \u00e4r gjorda av otaliga lager av slitna, flottiga svarta och gr\u00e5 tygstycken varifr\u00e5n fj\u00e4drar lossnar ibland n\u00e4r hon r\u00f6r sig. Hennes ansikte \u00e4r tunnt med en l\u00e5ng n\u00e4sa och snipiga, bl\u00e5nande l\u00e4ppar. Hon hasar runt gillet p\u00e5 sina vanskapta f\u00f6tter och muttrar f\u00f6r sig sj\u00e4lv.<br \/>\nHon har dock inte varit synlig p\u00e5 gillet p\u00e5 v\u00e4ldigt l\u00e4nge men ingen minns riktigt n\u00e4r man s\u00e5g henne sist. M\u00e5nga av innev\u00e5narna \u00e4r l\u00e4ttade \u00f6ver att hon inte \u00e4r d\u00e4r. Men fr\u00e5gan kvarst\u00e5r var har hon tagit v\u00e4gen?<\/p>\n","protected":false},"excerpt":{"rendered":"<p>Mistridge leds f\u00f6r n\u00e4rvarande av fem Magiker. Grimgroth \u00c4nda sedan Consuelia l\u00e4mnade Mistridge har Grimgroth gradvis antagit hennes roll som ledare. Det verkar inte vara ett ansvar han trivs med men han g\u00f6r det \u00e4nd\u00e5 f\u00f6r att hindra att de andra Magikerna fr\u00e5n att skingras. Han lyckas dock bara delvis. Clavius och Oculo gn\u00e4ller konstant &hellip; <a href=\"https:\/\/mikehenry.se\/arsmagica\/guild\/magi\/\" class=\"more-link\">Continue reading <span class=\"meta-nav\">&rarr;<\/span><\/a><\/p>\n","protected":false},"author":1,"featured_media":0,"parent":29,"menu_order":2,"comment_status":"open","ping_status":"open","template":"","meta":{"jetpack_post_was_ever_published":false,"footnotes":""},"class_list":["post-87","page","type-page","status-publish","hentry"],"jetpack_sharing_enabled":true,"jetpack_shortlink":"https:\/\/wp.me\/P4Pfdx-1p","_links":{"self":[{"href":"https:\/\/mikehenry.se\/arsmagica\/wp-json\/wp\/v2\/pages\/87","targetHints":{"allow":["GET"]}}],"collection":[{"href":"https:\/\/mikehenry.se\/arsmagica\/wp-json\/wp\/v2\/pages"}],"about":[{"href":"https:\/\/mikehenry.se\/arsmagica\/wp-json\/wp\/v2\/types\/page"}],"author":[{"embeddable":true,"href":"https:\/\/mikehenry.se\/arsmagica\/wp-json\/wp\/v2\/users\/1"}],"replies":[{"embeddable":true,"href":"https:\/\/mikehenry.se\/arsmagica\/wp-json\/wp\/v2\/comments?post=87"}],"version-history":[{"count":4,"href":"https:\/\/mikehenry.se\/arsmagica\/wp-json\/wp\/v2\/pages\/87\/revisions"}],"predecessor-version":[{"id":639,"href":"https:\/\/mikehenry.se\/arsmagica\/wp-json\/wp\/v2\/pages\/87\/revisions\/639"}],"up":[{"embeddable":true,"href":"https:\/\/mikehenry.se\/arsmagica\/wp-json\/wp\/v2\/pages\/29"}],"wp:attachment":[{"href":"https:\/\/mikehenry.se\/arsmagica\/wp-json\/wp\/v2\/media?parent=87"}],"curies":[{"name":"wp","href":"https:\/\/api.w.org\/{rel}","templated":true}]}}