{"id":57,"date":"2014-07-13T01:50:13","date_gmt":"2014-07-12T23:50:13","guid":{"rendered":"https:\/\/mikehenry.se\/arsmagica\/?page_id=57"},"modified":"2016-02-20T22:57:32","modified_gmt":"2016-02-20T21:57:32","slug":"library","status":"publish","type":"page","link":"https:\/\/mikehenry.se\/arsmagica\/guild\/library\/","title":{"rendered":"Biblioteket"},"content":{"rendered":"<p>Mistridge bibliotek inneh\u00e5ller m\u00e5nga skrifter, b\u00e5de magiska och mond\u00e4na. Notera att denna lista \u00e4r inte utt\u00f6mmande, detta \u00e4r bara vad man k\u00e4nner till finns i biblioteket. Biblioteket \u00e4r inte s\u00e5 v\u00e4l organiserat. Om man s\u00f6ker riktigt noga kan det finnas mera kunskap att hitta.<\/p>\n<h2>Den hermetiska eden<\/h2>\n<p>Denna ed sv\u00e4rs av alla Hermetiska Magiker. Edens fulla text finns h\u00e4r: &gt;&gt;&gt;<\/p>\n<h2>Mond\u00e4na b\u00f6cker<\/h2>\n<p>B\u00f6cker i diverse \u00e4mnen som kan vara intressant att l\u00e4ra sig. Mycket historia och legender fr\u00e5n olika omr\u00e5den: &gt;&gt;&gt;<\/p>\n<h2>Hermetiska b\u00f6cker<\/h2>\n<p>H\u00e4r finns teori och b\u00f6cker om Tekniker och Former: &gt;&gt;&gt;<\/p>\n<h2>Besv\u00e4rjelser<\/h2>\n<p>H\u00e4r hittar man gillets besv\u00e4rjelser och troll formler nedtecknade: &gt;&gt;&gt;<\/p>\n<h2>Skrollor<\/h2>\n<p>Finns det inte tid att l\u00e4ra sig eller bem\u00e4stra en trollformel? D\u00e5 kan ett snabbt s\u00e4tt att l\u00e4sa formel direkt fr\u00e5n ett pergament: &gt;&gt;&gt;<\/p>\n<h2>Labtexter<\/h2>\n<p>Beskrivningar av hur gillets medlemmar skapade olika artefakter: &gt;&gt;&gt;<\/p>\n<h2>Kartor &amp; Manuskript<\/h2>\n<p>H\u00e4r finns kartor \u00f6ver omr\u00e5den av intresse och l\u00f6sryckta manskript med besynnerligt inneh\u00e5ll: &gt;&gt;&gt;<\/p>\n","protected":false},"excerpt":{"rendered":"<p>Mistridge bibliotek inneh\u00e5ller m\u00e5nga skrifter, b\u00e5de magiska och mond\u00e4na. Notera att denna lista \u00e4r inte utt\u00f6mmande, detta \u00e4r bara vad man k\u00e4nner till finns i biblioteket. Biblioteket \u00e4r inte s\u00e5 v\u00e4l organiserat. Om man s\u00f6ker riktigt noga kan det finnas mera kunskap att hitta. Den hermetiska eden Denna ed sv\u00e4rs av alla Hermetiska Magiker. Edens &hellip; <a href=\"https:\/\/mikehenry.se\/arsmagica\/guild\/library\/\" class=\"more-link\">Continue reading <span class=\"meta-nav\">&rarr;<\/span><\/a><\/p>\n","protected":false},"author":1,"featured_media":0,"parent":29,"menu_order":1,"comment_status":"open","ping_status":"closed","template":"","meta":{"jetpack_post_was_ever_published":false,"footnotes":""},"class_list":["post-57","page","type-page","status-publish","hentry"],"jetpack_sharing_enabled":true,"jetpack_shortlink":"https:\/\/wp.me\/P4Pfdx-V","_links":{"self":[{"href":"https:\/\/mikehenry.se\/arsmagica\/wp-json\/wp\/v2\/pages\/57","targetHints":{"allow":["GET"]}}],"collection":[{"href":"https:\/\/mikehenry.se\/arsmagica\/wp-json\/wp\/v2\/pages"}],"about":[{"href":"https:\/\/mikehenry.se\/arsmagica\/wp-json\/wp\/v2\/types\/page"}],"author":[{"embeddable":true,"href":"https:\/\/mikehenry.se\/arsmagica\/wp-json\/wp\/v2\/users\/1"}],"replies":[{"embeddable":true,"href":"https:\/\/mikehenry.se\/arsmagica\/wp-json\/wp\/v2\/comments?post=57"}],"version-history":[{"count":4,"href":"https:\/\/mikehenry.se\/arsmagica\/wp-json\/wp\/v2\/pages\/57\/revisions"}],"predecessor-version":[{"id":736,"href":"https:\/\/mikehenry.se\/arsmagica\/wp-json\/wp\/v2\/pages\/57\/revisions\/736"}],"up":[{"embeddable":true,"href":"https:\/\/mikehenry.se\/arsmagica\/wp-json\/wp\/v2\/pages\/29"}],"wp:attachment":[{"href":"https:\/\/mikehenry.se\/arsmagica\/wp-json\/wp\/v2\/media?parent=57"}],"curies":[{"name":"wp","href":"https:\/\/api.w.org\/{rel}","templated":true}]}}