{"id":48,"date":"2014-07-13T01:34:04","date_gmt":"2014-07-12T23:34:04","guid":{"rendered":"https:\/\/mikehenry.se\/arsmagica\/?page_id=48"},"modified":"2014-07-24T00:53:38","modified_gmt":"2014-07-23T22:53:38","slug":"history","status":"publish","type":"page","link":"https:\/\/mikehenry.se\/arsmagica\/world\/history\/","title":{"rendered":"Historia"},"content":{"rendered":"<p>Mycket har h\u00e4nt genom \u00e5rhundradena, och mycket h\u00e4nder fortl\u00f6pande i E\u00e4rop\u00e9a. H\u00e4r finns en tidslinje med information om vad som har h\u00e4nt, b\u00e5de stort och sm\u00e5tt.<\/p>\n<p><img data-recalc-dims=\"1\" loading=\"lazy\" decoding=\"async\" class=\"aligncenter size-full wp-image-627\" src=\"https:\/\/i0.wp.com\/mikehenry.se\/arsmagica\/wp-content\/uploads\/2014\/07\/antgnsts-cvr.gif?resize=545%2C545&#038;ssl=1\" alt=\"Antagonists\" width=\"545\" height=\"545\" \/><\/p>\n<h1 id=\"1186\">1186<\/h1>\n<h3>oktober 1186<\/h3>\n<p>William, \u00c4rkebiskopen av Tyre d\u00f6r vid 58 \u00e5rs \u00e5lder. Hans stora verk om Levants historia, fr\u00e5n Omar&#8217;s \u00f6vertagande av Syrien fram till F\u00f6rsta korst\u00e5get, i &#8221;Historia rerum in partibus transmarinis gestarum&#8221; i 23 volymer hann dessv\u00e4rre aldrig slutf\u00f6ras. Han eftertr\u00e4ds av Joscius som blir den nya \u00e4rkebiskopen av Tyre.<\/p>\n<h3>14 september 1186<\/h3>\n<p>Denna dag sammanf\u00f6ll alla sju planeterna i stj\u00e4rntecknet Libra. Vilket, enligt m\u00e5nga mystiker, f\u00f6rutsp\u00e5dde jordens underg\u00e5ng. \u00c4n en g\u00e5ng har dock Gud visat sin storhet och skonat oss alla. L\u00e5t oss alla bedja av tacksamhet f\u00f6r v\u00e5ra liv och se fram\u00e5t s\u00e5som p\u00e5nyttf\u00f6dda.<\/p>\n<h3>19 augusti 1186<\/h3>\n<p>Geoffry Plantagenet, Hertigen av Bretagne och son till Henry II av Anglia trampas ihj\u00e4l av sin h\u00e4st under en tornering, bara n\u00e5gra veckor innan sin 28 \u00e5rs dag. Med hans d\u00f6d \u00e4r Plantagenets styre \u00f6ver Bretagne till \u00e4nda och hertigd\u00f6met \u00e5terg\u00e5r till hans gravida fru Hertiginnan Constance av Bretagne.<\/p>\n<h3>augusti 1186<\/h3>\n<p>Kung Baldwin V av Jerusalem d\u00f6r. Rykten g\u00f6r g\u00e4llande att han f\u00f6rgiftats. Baldwin&#8217;s mor Sibylla griper kronan och kr\u00f6ns till drottning av Jersualem. Men m\u00e5nga anser att den verkliga makten ligger i h\u00e4nderna p\u00e5 den ambiti\u00f6sa Guy de Lusignan, Sibyllas make. Saladin invaderar kungad\u00f6met efter att ett antal karavaner blivit attackerade.<\/p>\n<h3>27 januari 1186<\/h3>\n<p>Constance, arvtagerskan till kungad\u00f6met Sicilien gifter sig med den Heliga Romerska Kejsaren Fredrik I&#8217;s son Henrik. Br\u00f6llopet \u00e4ger rum i Milano.<\/p>\n<h1 id=\"1185\">1185<\/h1>\n<h3>6 december 1185<\/h3>\n<p>Alfonso I Henriques av Portugal d\u00f6r vid 74 \u00e5r \u00e5lder i Coimbra efter skadorna han \u00e5drog sig vid striderna vid Santarem d\u00e5 han, trots sin h\u00f6ga \u00e5lder, befriade staden och sonen Sancho I fr\u00e5n Morernas bel\u00e4gring. Han eftertr\u00e4ds av sin son Sancho I av Portugal.<\/p>\n<h3>25 november 1185<\/h3>\n<p>P\u00e5ven Lucius III d\u00f6r i exil i Verona mitt i f\u00f6rberedelserna f\u00f6r ett korst\u00e5g efter beg\u00e4ran fr\u00e5n Baldwin IV av Jerusalem. Han eftertr\u00e4ds av den nya P\u00e5ven Urban III.<\/p>\n<h3>23 april 1185<\/h3>\n<p>Sancho I av Portugal, son till kungen Alfonso I Henriques av Portugal, och hans gem\u00e5l Dulce Berenguer av Barcelona, prinsessa av Aragon, nedkommer med sitt femte barn, en andra son som f\u00e5r namnet Alfonso.<\/p>\n<h3>16 mars 1185<\/h3>\n<p>Baldwin IV av Jerusalem d\u00f6r av den spet\u00e4lska han \u00e5dragit sig bara n\u00e5gra \u00e5r innan. D\u00e5 Baldwin IV \u00e4ndrat successionsordningen, pga missn\u00f6je med sin syster Sibyllas make, Guy de Lusignan, eftertr\u00e4ds han av sin systerson: den \u00e5tta\u00e5rige Baldwin V kr\u00f6ns till Kung av Jerusalem .<\/p>\n<h1 id=\"1184\">1184<\/h1>\n<p>Den \u00e4nnu unge kungen av Francia, Philippe II Augustus, beordrar att arbetet med att stenl\u00e4gga\u00a0Paris gator ska genomf\u00f6ras.<\/p>\n<h3>november 1184<\/h3>\n<p>P\u00e5ven Lucius III f\u00f6rd\u00f6mer Katharerna, Paterinerna, Waldenserna, Patarinerna, Arnoldisterna och Humilitierna genom en kung\u00f6relse Ad Aboldendam vid synoden i Verona vilket n\u00e4rvaras av det Heliga Romerska Imperiets kejsare Frederick Barbarossa och proklamerar dessa och de som hj\u00e4lper dem vara heretiker.<\/p>\n<h1 id=\"1183\">1183<\/h1>\n<p>Raynald of Chatillons fort Kerak bel\u00e4gras av Saladins arm\u00e9 medan br\u00f6llopet mellan Raynalds styvson Humphrey IV av Toron och Isabella av Jerusalem. Karak motst\u00e5r angreppet men Guy de Lusignan anklagas f\u00f6r underl\u00e5tenhet att delta i striden.<\/p>\n<p>Saladin er\u00f6vrar Syrien och blir Sultan.<\/p>\n<h1 id=\"1182\">1182<\/h1>\n<p>.<\/p>\n<h1>1181<\/h1>\n<h3>3 augusti 1181<\/h3>\n<p>P\u00e5ven Alexander III d\u00f6r vid Civita Castelana. Under \u00e5ret har han bannlyst William Lejonet, Kung av Skottland och placerat landet under Inderdikt.<\/p>\n<h1>1180<\/h1>\n<h3>18 september 1180<\/h3>\n<p>Ludvig VII av Francia d\u00f6r i klostret vid Saint-Pont, Allier och jordf\u00e4sts i basilikan i St Denis.<\/p>\n","protected":false},"excerpt":{"rendered":"<p>Mycket har h\u00e4nt genom \u00e5rhundradena, och mycket h\u00e4nder fortl\u00f6pande i E\u00e4rop\u00e9a. H\u00e4r finns en tidslinje med information om vad som har h\u00e4nt, b\u00e5de stort och sm\u00e5tt. 1186 oktober 1186 William, \u00c4rkebiskopen av Tyre d\u00f6r vid 58 \u00e5rs \u00e5lder. Hans stora verk om Levants historia, fr\u00e5n Omar&#8217;s \u00f6vertagande av Syrien fram till F\u00f6rsta korst\u00e5get, i &#8221;Historia &hellip; <a href=\"https:\/\/mikehenry.se\/arsmagica\/world\/history\/\" class=\"more-link\">Continue reading <span class=\"meta-nav\">&rarr;<\/span><\/a><\/p>\n","protected":false},"author":1,"featured_media":0,"parent":17,"menu_order":4,"comment_status":"open","ping_status":"closed","template":"","meta":{"jetpack_post_was_ever_published":false,"footnotes":""},"class_list":["post-48","page","type-page","status-publish","hentry"],"jetpack_sharing_enabled":true,"jetpack_shortlink":"https:\/\/wp.me\/P4Pfdx-M","_links":{"self":[{"href":"https:\/\/mikehenry.se\/arsmagica\/wp-json\/wp\/v2\/pages\/48","targetHints":{"allow":["GET"]}}],"collection":[{"href":"https:\/\/mikehenry.se\/arsmagica\/wp-json\/wp\/v2\/pages"}],"about":[{"href":"https:\/\/mikehenry.se\/arsmagica\/wp-json\/wp\/v2\/types\/page"}],"author":[{"embeddable":true,"href":"https:\/\/mikehenry.se\/arsmagica\/wp-json\/wp\/v2\/users\/1"}],"replies":[{"embeddable":true,"href":"https:\/\/mikehenry.se\/arsmagica\/wp-json\/wp\/v2\/comments?post=48"}],"version-history":[{"count":12,"href":"https:\/\/mikehenry.se\/arsmagica\/wp-json\/wp\/v2\/pages\/48\/revisions"}],"predecessor-version":[{"id":645,"href":"https:\/\/mikehenry.se\/arsmagica\/wp-json\/wp\/v2\/pages\/48\/revisions\/645"}],"up":[{"embeddable":true,"href":"https:\/\/mikehenry.se\/arsmagica\/wp-json\/wp\/v2\/pages\/17"}],"wp:attachment":[{"href":"https:\/\/mikehenry.se\/arsmagica\/wp-json\/wp\/v2\/media?parent=48"}],"curies":[{"name":"wp","href":"https:\/\/api.w.org\/{rel}","templated":true}]}}