{"id":46,"date":"2014-07-13T01:33:50","date_gmt":"2014-07-12T23:33:50","guid":{"rendered":"https:\/\/mikehenry.se\/arsmagica\/?page_id=46"},"modified":"2014-07-23T23:41:35","modified_gmt":"2014-07-23T21:41:35","slug":"artefacts","status":"publish","type":"page","link":"https:\/\/mikehenry.se\/arsmagica\/world\/artefacts\/","title":{"rendered":"Artefakter"},"content":{"rendered":"<p>E\u00e4rop\u00e9a inneh\u00e5ller m\u00e5nga m\u00e4rkliga ting. H\u00e4r beskrivs k\u00e4nda och legendariska f\u00f6rem\u00e5l av olika sort, b\u00e5de heliga, magiska och mond\u00e4na.<\/p>\n<p><img data-recalc-dims=\"1\" loading=\"lazy\" decoding=\"async\" class=\"aligncenter size-full wp-image-620\" src=\"https:\/\/i0.wp.com\/mikehenry.se\/arsmagica\/wp-content\/uploads\/2014\/07\/mthcloc-cvr.gif?resize=545%2C545&#038;ssl=1\" alt=\"Mythic Locations\" width=\"545\" height=\"545\" \/><\/p>\n<h2>Oriflamme<\/h2>\n<p>Oriflammen \u00e4r <a title=\"Kungarna av Francia\" href=\"https:\/\/mikehenry.se\/arsmagica\/?p=304\">Kungarna av Francia<\/a>&#8217;s v\u00e4lsignade standar. Den ser ut som en l\u00e5ng, r\u00f6d fana. Standaret b\u00e4rs i strid av en av Kungen utsedd fanb\u00e4rare. I fredstid ligger den v\u00e4l skyddad i klostret i St. Denis. Oriflammen s\u00e4gs besitta mystiska och heliga krafter som skyddar och st\u00e4rker Kungen och hans arm\u00e9. Och som g\u00f6r hans motst\u00e5ndare modf\u00e4llda. Den h\u00e4rstammar fr\u00e5n Charlemagne&#8217;s tid och s\u00e4gs vara det standar som han er\u00f6vrade v\u00e4stra E\u00e4rop\u00e9a med.<\/p>\n","protected":false},"excerpt":{"rendered":"<p>E\u00e4rop\u00e9a inneh\u00e5ller m\u00e5nga m\u00e4rkliga ting. H\u00e4r beskrivs k\u00e4nda och legendariska f\u00f6rem\u00e5l av olika sort, b\u00e5de heliga, magiska och mond\u00e4na. Oriflamme Oriflammen \u00e4r Kungarna av Francia&#8217;s v\u00e4lsignade standar. Den ser ut som en l\u00e5ng, r\u00f6d fana. Standaret b\u00e4rs i strid av en av Kungen utsedd fanb\u00e4rare. I fredstid ligger den v\u00e4l skyddad i klostret i St. &hellip; <a href=\"https:\/\/mikehenry.se\/arsmagica\/world\/artefacts\/\" class=\"more-link\">Continue reading <span class=\"meta-nav\">&rarr;<\/span><\/a><\/p>\n","protected":false},"author":1,"featured_media":0,"parent":17,"menu_order":3,"comment_status":"open","ping_status":"closed","template":"","meta":{"jetpack_post_was_ever_published":false,"footnotes":""},"class_list":["post-46","page","type-page","status-publish","hentry"],"jetpack_sharing_enabled":true,"jetpack_shortlink":"https:\/\/wp.me\/P4Pfdx-K","_links":{"self":[{"href":"https:\/\/mikehenry.se\/arsmagica\/wp-json\/wp\/v2\/pages\/46","targetHints":{"allow":["GET"]}}],"collection":[{"href":"https:\/\/mikehenry.se\/arsmagica\/wp-json\/wp\/v2\/pages"}],"about":[{"href":"https:\/\/mikehenry.se\/arsmagica\/wp-json\/wp\/v2\/types\/page"}],"author":[{"embeddable":true,"href":"https:\/\/mikehenry.se\/arsmagica\/wp-json\/wp\/v2\/users\/1"}],"replies":[{"embeddable":true,"href":"https:\/\/mikehenry.se\/arsmagica\/wp-json\/wp\/v2\/comments?post=46"}],"version-history":[{"count":5,"href":"https:\/\/mikehenry.se\/arsmagica\/wp-json\/wp\/v2\/pages\/46\/revisions"}],"predecessor-version":[{"id":626,"href":"https:\/\/mikehenry.se\/arsmagica\/wp-json\/wp\/v2\/pages\/46\/revisions\/626"}],"up":[{"embeddable":true,"href":"https:\/\/mikehenry.se\/arsmagica\/wp-json\/wp\/v2\/pages\/17"}],"wp:attachment":[{"href":"https:\/\/mikehenry.se\/arsmagica\/wp-json\/wp\/v2\/media?parent=46"}],"curies":[{"name":"wp","href":"https:\/\/api.w.org\/{rel}","templated":true}]}}