{"id":44,"date":"2014-07-13T01:33:36","date_gmt":"2014-07-12T23:33:36","guid":{"rendered":"https:\/\/mikehenry.se\/arsmagica\/?page_id=44"},"modified":"2014-07-17T22:16:06","modified_gmt":"2014-07-17T20:16:06","slug":"places","status":"publish","type":"page","link":"https:\/\/mikehenry.se\/arsmagica\/world\/places\/","title":{"rendered":"Platser"},"content":{"rendered":"<p>E\u00e4rop\u00e9a inneh\u00e5ller m\u00e4rkliga och fantastiska platser och riken. I v\u00e4stra E\u00e4rop\u00e9a dominerar kungad\u00f6met <a title=\"Francia\" href=\"https:\/\/mikehenry.se\/arsmagica\/?p=376\">Francia<\/a>\u00a0och den \u00e4nnu unge Phillippe II, trots att hans dom\u00e4ner \u00e4r ganska s\u00e5 och ansatta.<\/p>\n<p>Den <a title=\"Iberia\" href=\"https:\/\/mikehenry.se\/arsmagica\/?p=387\">Iberiska halv\u00f6n<\/a> h\u00e4rjas av m\u00f6rkhyade, vantrogna Morer och det p\u00e5g\u00e5r nu ett bittert och blodigt krig d\u00e4r Morerna sakta men s\u00e4kert h\u00e5ller p\u00e5 och drivas tillbaka. De viktigaste kungad\u00f6mena p\u00e5 halv\u00f6n; <a title=\"Le\u00f3n\" href=\"https:\/\/mikehenry.se\/arsmagica\/?p=394\">Le\u00f3n<\/a>, <a title=\"Castile\" href=\"https:\/\/mikehenry.se\/arsmagica\/?p=403\">Castile<\/a> och <a title=\"Arag\u00f3n\" href=\"https:\/\/mikehenry.se\/arsmagica\/?p=396\">Arag\u00f3n<\/a> skyddar alltj\u00e4mt mot Morernas framfart.<\/p>\n<p>Det m\u00e4ktiga <a title=\"Heliga Romerska Imperiet\" href=\"https:\/\/mikehenry.se\/arsmagica\/?p=453\">Heliga Romerska Imperiet<\/a> med den till \u00e5ren komna Kejsaren Fredrik I, Barbarossa \u00e4ven kallad, \u00e4r en h\u00e5rdf\u00f6r man.<\/p>\n<p>I nordv\u00e4st finner vi \u00f6riket <a title=\"Anglia\" href=\"https:\/\/mikehenry.se\/arsmagica\/?p=456\">Anglia<\/a> och <a title=\"Hibernia\" href=\"https:\/\/mikehenry.se\/arsmagica\/?p=459\">Hibernia<\/a> d\u00e4r den \u00e5ldrande <a title=\"Kungarna av Anglia\" href=\"https:\/\/mikehenry.se\/arsmagica\/?p=257#HenryII\">Henry II<\/a> \u00e4r Kung.<\/p>\n<div id=\"attachment_526\" style=\"width: 555px\" class=\"wp-caption aligncenter\"><a href=\"https:\/\/i0.wp.com\/mikehenry.se\/arsmagica\/wp-content\/uploads\/2014\/07\/Anglia_Francia_Juli_1185.jpg?ssl=1\"><img data-recalc-dims=\"1\" loading=\"lazy\" decoding=\"async\" aria-describedby=\"caption-attachment-526\" class=\"size-large wp-image-526\" src=\"https:\/\/i0.wp.com\/mikehenry.se\/arsmagica\/wp-content\/uploads\/2014\/07\/Anglia_Francia_Juli_1185.jpg?resize=545%2C700&#038;ssl=1\" alt=\"Anglia och Francia, juli 1185\" width=\"545\" height=\"700\" srcset=\"https:\/\/i0.wp.com\/mikehenry.se\/arsmagica\/wp-content\/uploads\/2014\/07\/Anglia_Francia_Juli_1185.jpg?resize=797%2C1024&amp;ssl=1 797w, https:\/\/i0.wp.com\/mikehenry.se\/arsmagica\/wp-content\/uploads\/2014\/07\/Anglia_Francia_Juli_1185.jpg?resize=233%2C300&amp;ssl=1 233w, https:\/\/i0.wp.com\/mikehenry.se\/arsmagica\/wp-content\/uploads\/2014\/07\/Anglia_Francia_Juli_1185.jpg?w=1500&amp;ssl=1 1500w, https:\/\/i0.wp.com\/mikehenry.se\/arsmagica\/wp-content\/uploads\/2014\/07\/Anglia_Francia_Juli_1185.jpg?w=1090&amp;ssl=1 1090w\" sizes=\"auto, (max-width: 545px) 100vw, 545px\" \/><\/a><p id=\"caption-attachment-526\" class=\"wp-caption-text\">Anglia och Francia, juli 1185<\/p><\/div>\n","protected":false},"excerpt":{"rendered":"<p>E\u00e4rop\u00e9a inneh\u00e5ller m\u00e4rkliga och fantastiska platser och riken. I v\u00e4stra E\u00e4rop\u00e9a dominerar kungad\u00f6met Francia\u00a0och den \u00e4nnu unge Phillippe II, trots att hans dom\u00e4ner \u00e4r ganska s\u00e5 och ansatta. Den Iberiska halv\u00f6n h\u00e4rjas av m\u00f6rkhyade, vantrogna Morer och det p\u00e5g\u00e5r nu ett bittert och blodigt krig d\u00e4r Morerna sakta men s\u00e4kert h\u00e5ller p\u00e5 och drivas tillbaka. &hellip; <a href=\"https:\/\/mikehenry.se\/arsmagica\/world\/places\/\" class=\"more-link\">Continue reading <span class=\"meta-nav\">&rarr;<\/span><\/a><\/p>\n","protected":false},"author":1,"featured_media":0,"parent":17,"menu_order":2,"comment_status":"open","ping_status":"closed","template":"","meta":{"jetpack_post_was_ever_published":false,"footnotes":""},"class_list":["post-44","page","type-page","status-publish","hentry"],"jetpack_sharing_enabled":true,"jetpack_shortlink":"https:\/\/wp.me\/P4Pfdx-I","_links":{"self":[{"href":"https:\/\/mikehenry.se\/arsmagica\/wp-json\/wp\/v2\/pages\/44","targetHints":{"allow":["GET"]}}],"collection":[{"href":"https:\/\/mikehenry.se\/arsmagica\/wp-json\/wp\/v2\/pages"}],"about":[{"href":"https:\/\/mikehenry.se\/arsmagica\/wp-json\/wp\/v2\/types\/page"}],"author":[{"embeddable":true,"href":"https:\/\/mikehenry.se\/arsmagica\/wp-json\/wp\/v2\/users\/1"}],"replies":[{"embeddable":true,"href":"https:\/\/mikehenry.se\/arsmagica\/wp-json\/wp\/v2\/comments?post=44"}],"version-history":[{"count":12,"href":"https:\/\/mikehenry.se\/arsmagica\/wp-json\/wp\/v2\/pages\/44\/revisions"}],"predecessor-version":[{"id":527,"href":"https:\/\/mikehenry.se\/arsmagica\/wp-json\/wp\/v2\/pages\/44\/revisions\/527"}],"up":[{"embeddable":true,"href":"https:\/\/mikehenry.se\/arsmagica\/wp-json\/wp\/v2\/pages\/17"}],"wp:attachment":[{"href":"https:\/\/mikehenry.se\/arsmagica\/wp-json\/wp\/v2\/media?parent=44"}],"curies":[{"name":"wp","href":"https:\/\/api.w.org\/{rel}","templated":true}]}}