{"id":33,"date":"2014-07-13T01:16:26","date_gmt":"2014-07-12T23:16:26","guid":{"rendered":"https:\/\/mikehenry.se\/arsmagica\/?page_id=33"},"modified":"2014-07-23T23:26:19","modified_gmt":"2014-07-23T21:26:19","slug":"rules","status":"publish","type":"page","link":"https:\/\/mikehenry.se\/arsmagica\/rules\/","title":{"rendered":"Reglerna"},"content":{"rendered":"<p>Detta rollspel f\u00f6ljer reglerna i <em>Ars Magica<\/em>, version 5 (f\u00f6rkortat ArM5). F\u00f6rtydliganden och tolkningar av reglerna som denna trupp \u00e4r \u00f6verens om, hittar du p\u00e5 denna sida.<\/p>\n<p><img data-recalc-dims=\"1\" loading=\"lazy\" decoding=\"async\" class=\"aligncenter size-full wp-image-618\" src=\"https:\/\/i0.wp.com\/mikehenry.se\/arsmagica\/wp-content\/uploads\/2014\/07\/tme-cvr.gif?resize=545%2C545&#038;ssl=1\" alt=\"Transforming Mythic Europe\" width=\"545\" height=\"545\" \/><\/p>\n<h2>Regelb\u00f6cker<\/h2>\n<p>Ars Magica \u00e4r ett rollspel om magiska krafter i det Mytiska Europa och ges numera ut av Atlas Games.<\/p>\n<p>F\u00f6ljande b\u00f6cker \u00e4r \u00f6ppna f\u00f6r truppens alla spelare:<\/p>\n<ul>\n<li>Ars Magica Fifth Edition<\/li>\n<li>The Wizard&#8217;s Grimoire, Revised Edition<\/li>\n<li>Ordo Nobilis: Mythic Europe&#8217;s Nobility<\/li>\n<li>Houses of Hermes<\/li>\n<\/ul>\n<p>Alla andra b\u00f6cker \u00e4r slutna och endast f\u00f6r Storyguides.<\/p>\n","protected":false},"excerpt":{"rendered":"<p>Detta rollspel f\u00f6ljer reglerna i Ars Magica, version 5 (f\u00f6rkortat ArM5). F\u00f6rtydliganden och tolkningar av reglerna som denna trupp \u00e4r \u00f6verens om, hittar du p\u00e5 denna sida. Regelb\u00f6cker Ars Magica \u00e4r ett rollspel om magiska krafter i det Mytiska Europa och ges numera ut av Atlas Games. F\u00f6ljande b\u00f6cker \u00e4r \u00f6ppna f\u00f6r truppens alla spelare: &hellip; <a href=\"https:\/\/mikehenry.se\/arsmagica\/rules\/\" class=\"more-link\">Continue reading <span class=\"meta-nav\">&rarr;<\/span><\/a><\/p>\n","protected":false},"author":1,"featured_media":0,"parent":0,"menu_order":4,"comment_status":"open","ping_status":"closed","template":"","meta":{"jetpack_post_was_ever_published":false,"footnotes":""},"class_list":["post-33","page","type-page","status-publish","hentry"],"jetpack_sharing_enabled":true,"jetpack_shortlink":"https:\/\/wp.me\/P4Pfdx-x","_links":{"self":[{"href":"https:\/\/mikehenry.se\/arsmagica\/wp-json\/wp\/v2\/pages\/33","targetHints":{"allow":["GET"]}}],"collection":[{"href":"https:\/\/mikehenry.se\/arsmagica\/wp-json\/wp\/v2\/pages"}],"about":[{"href":"https:\/\/mikehenry.se\/arsmagica\/wp-json\/wp\/v2\/types\/page"}],"author":[{"embeddable":true,"href":"https:\/\/mikehenry.se\/arsmagica\/wp-json\/wp\/v2\/users\/1"}],"replies":[{"embeddable":true,"href":"https:\/\/mikehenry.se\/arsmagica\/wp-json\/wp\/v2\/comments?post=33"}],"version-history":[{"count":7,"href":"https:\/\/mikehenry.se\/arsmagica\/wp-json\/wp\/v2\/pages\/33\/revisions"}],"predecessor-version":[{"id":619,"href":"https:\/\/mikehenry.se\/arsmagica\/wp-json\/wp\/v2\/pages\/33\/revisions\/619"}],"wp:attachment":[{"href":"https:\/\/mikehenry.se\/arsmagica\/wp-json\/wp\/v2\/media?parent=33"}],"curies":[{"name":"wp","href":"https:\/\/api.w.org\/{rel}","templated":true}]}}