{"id":31,"date":"2014-07-13T01:16:03","date_gmt":"2014-07-12T23:16:03","guid":{"rendered":"https:\/\/mikehenry.se\/arsmagica\/?page_id=31"},"modified":"2014-07-23T23:23:22","modified_gmt":"2014-07-23T21:23:22","slug":"saga","status":"publish","type":"page","link":"https:\/\/mikehenry.se\/arsmagica\/saga\/","title":{"rendered":"Sagan"},"content":{"rendered":"<p>Denna saga kringdrar sig h\u00e4ndelserna runt Magickergillet Mistridge i grevskapet Foix i Languedoc, s\u00f6dra Francia,\u00a0fr\u00e5n\u00a0slutet av 1100-talet och fram\u00e5t.<\/p>\n<p><img data-recalc-dims=\"1\" loading=\"lazy\" decoding=\"async\" class=\"aligncenter size-full wp-image-615\" src=\"https:\/\/i0.wp.com\/mikehenry.se\/arsmagica\/wp-content\/uploads\/2014\/07\/hks-cvr.gif?resize=545%2C545&#038;ssl=1\" alt=\"Hooks\" width=\"545\" height=\"545\" \/><\/p>\n<p>Vi hittar m\u00e5nga saker som kan p\u00e5verka gillet:<\/p>\n<ol>\n<li>Politiken mellan gillet och Adeln utanf\u00f6r; efter att gillet visat vad det g\u00e5r f\u00f6r blir Baronen d&#8217;Uverre intresserad av att se hur hans relation med gillet kommer att utvecklas.<\/li>\n<li>Kungarna av Anglia ut\u00f6var p\u00e5tryckningar mot Greven av Toulouse som kan p\u00e5verka gillet.<\/li>\n<li>Relig\u00f6sa sp\u00e4nningar mellan Katharerna och den Katoliska kyrka kan komma att p\u00e5verka gillet.<\/li>\n<li>Hermetisk politik kan komma att p\u00e5verka gillet.<\/li>\n<li>Politik och ambitioner i Faerie-v\u00e4rlden (b\u00e5de Seelie s\u00e5v\u00e4l som Unseelie) kan komma att p\u00e5verka gillet.<\/li>\n<li>Demoniskt intresse kan ocks\u00e5 verka menligt f\u00f6r gillet.<\/li>\n<li>Behovet av Vis kan komma att f\u00f6ra gillet p\u00e5 kollisionskurs med m\u00e5nga krafter i v\u00e4rlden.<\/li>\n<\/ol>\n","protected":false},"excerpt":{"rendered":"<p>Denna saga kringdrar sig h\u00e4ndelserna runt Magickergillet Mistridge i grevskapet Foix i Languedoc, s\u00f6dra Francia,\u00a0fr\u00e5n\u00a0slutet av 1100-talet och fram\u00e5t. Vi hittar m\u00e5nga saker som kan p\u00e5verka gillet: Politiken mellan gillet och Adeln utanf\u00f6r; efter att gillet visat vad det g\u00e5r f\u00f6r blir Baronen d&#8217;Uverre intresserad av att se hur hans relation med gillet kommer att &hellip; <a href=\"https:\/\/mikehenry.se\/arsmagica\/saga\/\" class=\"more-link\">Continue reading <span class=\"meta-nav\">&rarr;<\/span><\/a><\/p>\n","protected":false},"author":1,"featured_media":0,"parent":0,"menu_order":3,"comment_status":"open","ping_status":"closed","template":"","meta":{"jetpack_post_was_ever_published":false,"footnotes":""},"class_list":["post-31","page","type-page","status-publish","hentry"],"jetpack_sharing_enabled":true,"jetpack_shortlink":"https:\/\/wp.me\/P4Pfdx-v","_links":{"self":[{"href":"https:\/\/mikehenry.se\/arsmagica\/wp-json\/wp\/v2\/pages\/31","targetHints":{"allow":["GET"]}}],"collection":[{"href":"https:\/\/mikehenry.se\/arsmagica\/wp-json\/wp\/v2\/pages"}],"about":[{"href":"https:\/\/mikehenry.se\/arsmagica\/wp-json\/wp\/v2\/types\/page"}],"author":[{"embeddable":true,"href":"https:\/\/mikehenry.se\/arsmagica\/wp-json\/wp\/v2\/users\/1"}],"replies":[{"embeddable":true,"href":"https:\/\/mikehenry.se\/arsmagica\/wp-json\/wp\/v2\/comments?post=31"}],"version-history":[{"count":4,"href":"https:\/\/mikehenry.se\/arsmagica\/wp-json\/wp\/v2\/pages\/31\/revisions"}],"predecessor-version":[{"id":616,"href":"https:\/\/mikehenry.se\/arsmagica\/wp-json\/wp\/v2\/pages\/31\/revisions\/616"}],"wp:attachment":[{"href":"https:\/\/mikehenry.se\/arsmagica\/wp-json\/wp\/v2\/media?parent=31"}],"curies":[{"name":"wp","href":"https:\/\/api.w.org\/{rel}","templated":true}]}}