{"id":29,"date":"2014-07-13T01:15:48","date_gmt":"2014-07-12T23:15:48","guid":{"rendered":"https:\/\/mikehenry.se\/arsmagica\/?page_id=29"},"modified":"2014-07-23T23:24:04","modified_gmt":"2014-07-23T21:24:04","slug":"guild","status":"publish","type":"page","link":"https:\/\/mikehenry.se\/arsmagica\/guild\/","title":{"rendered":"Gillet"},"content":{"rendered":"<p>Magikergillet Mistridge grundades 1067 av en grupp unga Magiker som leddes av en Terram specialist vid namn Consuelia. Det s\u00e4gs att Consuelia anv\u00e4nde en kraftfull ritual f\u00f6r att skapa tornet vid Mistridge men man kan klart se att grunden till tornet \u00e4r mycket \u00e4ldre \u00e4n tornet som st\u00e5r p\u00e5 det. Grunden till tornet h\u00e4rstammar sannolikt fr\u00e5n V\u00e4stgotisk tid.<\/p>\n<p><img data-recalc-dims=\"1\" loading=\"lazy\" decoding=\"async\" class=\"aligncenter wp-image-607 size-full\" src=\"https:\/\/i0.wp.com\/mikehenry.se\/arsmagica\/wp-content\/uploads\/2014\/07\/fnfprvnc-cvr.gif?resize=545%2C545&#038;ssl=1\" alt=\"Mistridge\" width=\"545\" height=\"545\" \/><\/p>\n<p>Tornet har ingen synlig ing\u00e5ng. Man kommer in i tornet via en port nedanf\u00f6r kullen som tornet st\u00e5r p\u00e5. Runt denna port har det byggts en pallisad runt f\u00f6r att skydda sig mot inkr\u00e4ktare. Innanf\u00f6r pallisaden finns det en brunn, n\u00e5gra hus och stallar f\u00f6r djur.<\/p>\n<h2>Innev\u00e5nare<\/h2>\n<p>Det bor en del folk p\u00e5 Mistridge. De flesta \u00e4r vanliga gillesbor, tj\u00e4nare som h\u00e5ller gillet ig\u00e5ng. Utan dem hade gillet snabbt degenerat i kaos och dekadens. Andra \u00e4r Grogs, n\u00f6dv\u00e4ndiga vakter som vakar \u00f6ver fortet och dess innev\u00e5nare. Ytterligare andra \u00e4r sk f\u00f6ljeslagare, alierade till gillet som ofta bor d\u00e4r. Och sist men inte minst Magikerna som styr och st\u00e4ller och som \u00e4r ledarna f\u00f6r gillet.<\/p>\n<p>P\u00e5 Mistridge bor det ca trettio vuxna gillesbor tillsammans med ungef\u00e4r tjugo barn. Trots att det finns n\u00e5gra manliga f\u00e5raherdar och tj\u00e4nare \u00e4r de flesta kvinnor &#8211; fruar, \u00e4nkor och d\u00f6ttrar till Grogs. Kvinnorna bor i familjerum med sina m\u00e4n, trots att de \u00e4ter \u00e5tskiljt och utf\u00f6r skillda arbetsuppgifter under dagen. Gillesborna ser till att de dagliga mond\u00e4na uppgifterna, s\u00e5som matberedning, st\u00e4dning, v\u00e4vning, s\u00f6mnad, mm utf\u00f6rs s\u00e5 att gillet kan verka.<\/p>\n<p>Vissa av gillesborna har speciella f\u00e4rdigheter som de utf\u00f6r f\u00f6rutom sina vanliga arbetsuppgifter. S\u00e5dana f\u00e4rdigheter inkluderar g\u00e5spenneberedning, l\u00e4ders\u00f6mnad, mm men ingen gillesbo har n\u00e5gon riktigt v\u00e4rdefull specialitet. D\u00e4rf\u00f6r m\u00e5ste alla pergament, all bl\u00e4ck, glas- och metallvaror, vapen och de flesta rustningarna importeras fr\u00e5n v\u00e4rlden utanf\u00f6r.<\/p>\n<h2>Vaktstyrkan<\/h2>\n<p>Mistridge anlitar ca tjugofem smocke karlar, sk Grogs, som vaktar gillet och som skyddar Magikerna p\u00e5 sina resor. M\u00e5nga av dessa Grogs \u00e4r f\u00f6dda och uppvuxna p\u00e5 gillet, medan andra f\u00f6rrymda livegna eller legoknektar som slagit sig ner i den relativa s\u00e4kerhet som gillet erbjuder. I linje med det medeltida samh\u00e4llets f\u00f6rv\u00e4ntningar, \u00e4r de flesta Grogs manliga, men till skillnad fr\u00e5n det mond\u00e4na samh\u00e4llet accepteras kvinnliga krigare.<\/p>\n<p>Grog:arna, som gemensamt kallas &#8217;Turb&#8217; leds av en gammal man som heter Torlen, vars far ledde Turben f\u00f6re honom. D\u00e5 Torlen b\u00f6rjar bli till \u00e5ren kommen har han tv\u00e5 Sergeanter, Dolores och Guy, som f\u00f6r bef\u00e4let i f\u00e4lt. Dolores \u00e4r en (fd) adelskvinna fr\u00e5n Kastilien och Guy ett sexistiskt original som har avancerat genom sin lojalitet och aggresivitet. Guys Grogs, totalt femton, \u00e4r de minst respekterade och motiverade rekryterna. De \u00e4r bev\u00e4pnade med billiga vapen och taskiga rustningar. De \u00e4r ansvariga f\u00f6r att h\u00e5lla vakt p\u00e5 de vindpinade posterna och f\u00f6r att vakta silvret och silvergruvorna vid Sharneal. Efter inget silver lagras n\u00e5gon l\u00e4ngre tid vid Sharneal har man bara ungef\u00e4r fem vakter d\u00e4r \u00e5t g\u00e5ngen.<\/p>\n<p>Dolores Grogs, \u00e4ven kallad &#8217;Livvakten&#8217; ges oftest bekv\u00e4mare uppgifter och blir alltid valda att medf\u00f6lja Magikerna p\u00e5 farliga expeditioner. Dessa Grogs \u00e4r de skickligaste, modigaste, mest diciplinerade och motiverade Grogs p\u00e5 gillet. D\u00e4rf\u00f6r f\u00e5r de ocks\u00e5 b\u00e4st utrustning och mest betalt.<\/p>\n","protected":false},"excerpt":{"rendered":"<p>Magikergillet Mistridge grundades 1067 av en grupp unga Magiker som leddes av en Terram specialist vid namn Consuelia. Det s\u00e4gs att Consuelia anv\u00e4nde en kraftfull ritual f\u00f6r att skapa tornet vid Mistridge men man kan klart se att grunden till tornet \u00e4r mycket \u00e4ldre \u00e4n tornet som st\u00e5r p\u00e5 det. Grunden till tornet h\u00e4rstammar sannolikt &hellip; <a href=\"https:\/\/mikehenry.se\/arsmagica\/guild\/\" class=\"more-link\">Continue reading <span class=\"meta-nav\">&rarr;<\/span><\/a><\/p>\n","protected":false},"author":1,"featured_media":0,"parent":0,"menu_order":2,"comment_status":"open","ping_status":"closed","template":"","meta":{"jetpack_post_was_ever_published":false,"footnotes":""},"class_list":["post-29","page","type-page","status-publish","hentry"],"jetpack_sharing_enabled":true,"jetpack_shortlink":"https:\/\/wp.me\/P4Pfdx-t","_links":{"self":[{"href":"https:\/\/mikehenry.se\/arsmagica\/wp-json\/wp\/v2\/pages\/29","targetHints":{"allow":["GET"]}}],"collection":[{"href":"https:\/\/mikehenry.se\/arsmagica\/wp-json\/wp\/v2\/pages"}],"about":[{"href":"https:\/\/mikehenry.se\/arsmagica\/wp-json\/wp\/v2\/types\/page"}],"author":[{"embeddable":true,"href":"https:\/\/mikehenry.se\/arsmagica\/wp-json\/wp\/v2\/users\/1"}],"replies":[{"embeddable":true,"href":"https:\/\/mikehenry.se\/arsmagica\/wp-json\/wp\/v2\/comments?post=29"}],"version-history":[{"count":14,"href":"https:\/\/mikehenry.se\/arsmagica\/wp-json\/wp\/v2\/pages\/29\/revisions"}],"predecessor-version":[{"id":617,"href":"https:\/\/mikehenry.se\/arsmagica\/wp-json\/wp\/v2\/pages\/29\/revisions\/617"}],"wp:attachment":[{"href":"https:\/\/mikehenry.se\/arsmagica\/wp-json\/wp\/v2\/media?parent=29"}],"curies":[{"name":"wp","href":"https:\/\/api.w.org\/{rel}","templated":true}]}}