{"id":2,"date":"2014-07-11T23:15:04","date_gmt":"2014-07-11T21:15:04","guid":{"rendered":"https:\/\/mikehenry.se\/arsmagica\/wordpress\/?page_id=2"},"modified":"2014-07-24T14:14:16","modified_gmt":"2014-07-24T12:14:16","slug":"home","status":"publish","type":"page","link":"https:\/\/mikehenry.se\/arsmagica\/","title":{"rendered":"V\u00e4lkommen till E\u00e4rop\u00e9a"},"content":{"rendered":"<p>E\u00e4rop\u00e9a \u00e4r en Ars Magica Saga om m\u00e4nsklighetens kamp under en m\u00f6rk och mytisk tid. Det \u00e4r en plats d\u00e4r den \u00e4rofulla Klassiska eran f\u00f6r l\u00e4nge sedan har f\u00f6rvandlats till aska och l\u00f6ftet om en ny Ren\u00e4ssans \u00e4nnu \u00e4r en dr\u00f6m. Det \u00e4r en tid d\u00e4r krig och pest sk\u00f6rdar sina offer och d\u00e4r folket styrs av kungar och pr\u00e4ster med h\u00e4nder av j\u00e4rn.<\/p>\n<p><img data-recalc-dims=\"1\" loading=\"lazy\" decoding=\"async\" class=\"aligncenter wp-image-622 size-full\" src=\"https:\/\/i0.wp.com\/mikehenry.se\/arsmagica\/wp-content\/uploads\/2014\/07\/tofp-cvr.gif?resize=545%2C545&#038;ssl=1\" alt=\"Tales of Power\" width=\"545\" height=\"545\" \/><\/p>\n<p>Men det \u00e4r ocks\u00e5 en magisk, f\u00f6runderlig plats som bebos av mytiska varelser, b\u00e5de onda och goda. D\u00e4r storslagna d\u00e5d, m\u00e4ktiga motst\u00e5ndare och kusliga fasor lurar bakom varje h\u00f6rn. Det \u00e4r en plats d\u00e4r det som landsbygdens folk trott sig veta faktiskt \u00e4r sant: h\u00e5ller man sig inte v\u00e4l med alver och v\u00e4ttar kan det g\u00e5 illa, d\u00e4r demoner korrumperar allt de r\u00f6r, d\u00e4r gudomlig kraft \u00e4r \u00e5tkomlig f\u00f6r de r\u00e4ttrogna, och d\u00e4r magi genomsyrar allt.<\/p>\n<p>E\u00e4rop\u00e9a \u00e4r en fantasiv\u00e4rld baserad p\u00e5 reglerna i femte utg\u00e5van av Ars Magica. Ars Magica \u00e4r ett rollspel som ges ut av Atlas Games och som har magi som fokus. \u00d6verg\u00e5ng fr\u00e5n ArM4 \u00e4r under arbete.<\/p>\n<p>Denna ArM5 saga startade i b\u00f6rjan av 2002 och \u00e4r alltj\u00e4mt\u00a0aktivt, trots ett uppeh\u00e5ll sedan\u00a02005. Speltillf\u00e4llen sker i Stockholm med omnejd och tanken \u00e4r att de skall h\u00e5llas n\u00e5gra\u00a0g\u00e5nger om \u00e5ret. Spelarna \u00e4r alla etablerade familjef\u00e4der (<del>25+<\/del> 35+) med l\u00e5ng rollspelserfarenhet. Vi kompenserar tidsbrist och vardagens krav med planering och framf\u00f6rh\u00e5llning. Intresserade spelare f\u00e5r g\u00e4rna h\u00f6ra av sig. Erfarenhet av just Ars Magica \u00e4r inget krav.<\/p>\n<p>Vill du komma i kontakt med denna sagas StoryGuide kan du l\u00e4mna en kommentar p\u00e5 n\u00e5gon av sidorna h\u00e4rinne.<\/p>\n<p><img data-recalc-dims=\"1\" loading=\"lazy\" decoding=\"async\" class=\"aligncenter size-full wp-image-518\" src=\"https:\/\/i0.wp.com\/mikehenry.se\/arsmagica\/wp-content\/uploads\/2014\/07\/ArM5BannerAdAlt.gif?resize=428%2C60&#038;ssl=1\" alt=\"ArM5 Banner Ad Alt\" width=\"428\" height=\"60\" \/><\/p>\n","protected":false},"excerpt":{"rendered":"<p>E\u00e4rop\u00e9a \u00e4r en Ars Magica Saga om m\u00e4nsklighetens kamp under en m\u00f6rk och mytisk tid. Det \u00e4r en plats d\u00e4r den \u00e4rofulla Klassiska eran f\u00f6r l\u00e4nge sedan har f\u00f6rvandlats till aska och l\u00f6ftet om en ny Ren\u00e4ssans \u00e4nnu \u00e4r en dr\u00f6m. Det \u00e4r en tid d\u00e4r krig och pest sk\u00f6rdar sina offer och d\u00e4r folket &hellip; <a href=\"https:\/\/mikehenry.se\/arsmagica\/\" class=\"more-link\">Continue reading <span class=\"meta-nav\">&rarr;<\/span><\/a><\/p>\n","protected":false},"author":1,"featured_media":0,"parent":0,"menu_order":0,"comment_status":"closed","ping_status":"closed","template":"","meta":{"jetpack_post_was_ever_published":false,"footnotes":""},"class_list":["post-2","page","type-page","status-publish","hentry"],"jetpack_sharing_enabled":true,"jetpack_shortlink":"https:\/\/wp.me\/P4Pfdx-2","_links":{"self":[{"href":"https:\/\/mikehenry.se\/arsmagica\/wp-json\/wp\/v2\/pages\/2","targetHints":{"allow":["GET"]}}],"collection":[{"href":"https:\/\/mikehenry.se\/arsmagica\/wp-json\/wp\/v2\/pages"}],"about":[{"href":"https:\/\/mikehenry.se\/arsmagica\/wp-json\/wp\/v2\/types\/page"}],"author":[{"embeddable":true,"href":"https:\/\/mikehenry.se\/arsmagica\/wp-json\/wp\/v2\/users\/1"}],"replies":[{"embeddable":true,"href":"https:\/\/mikehenry.se\/arsmagica\/wp-json\/wp\/v2\/comments?post=2"}],"version-history":[{"count":36,"href":"https:\/\/mikehenry.se\/arsmagica\/wp-json\/wp\/v2\/pages\/2\/revisions"}],"predecessor-version":[{"id":655,"href":"https:\/\/mikehenry.se\/arsmagica\/wp-json\/wp\/v2\/pages\/2\/revisions\/655"}],"wp:attachment":[{"href":"https:\/\/mikehenry.se\/arsmagica\/wp-json\/wp\/v2\/media?parent=2"}],"curies":[{"name":"wp","href":"https:\/\/api.w.org\/{rel}","templated":true}]}}