{"id":19,"date":"2000-07-13T00:54:35","date_gmt":"2000-07-12T22:54:35","guid":{"rendered":"https:\/\/mikehenry.se\/arsmagica\/?page_id=19"},"modified":"2014-07-18T00:27:00","modified_gmt":"2014-07-17T22:27:00","slug":"beings","status":"publish","type":"page","link":"https:\/\/mikehenry.se\/arsmagica\/world\/beings\/","title":{"rendered":"Folk &#038; f\u00e4"},"content":{"rendered":"<p>E\u00e4rop\u00e9a inneh\u00e5ller m\u00e4rkliga och fantastiska individer, folkslag och varelse. Nedanst\u00e5ende index inneh\u00e5ller l\u00e4nkar till folk och varelser som f\u00f6rekommer i sagan.<\/p>\n<p>B\u00e5de individer och deras sl\u00e4kt finns med. F\u00f6r adliga sl\u00e4kter anges f\u00f6rkortningen f\u00f6r sl\u00e4ktens rang, efter sl\u00e4ktnamnet: B &#8211; Baroni, G &#8211; Grevskap, H &#8211; Hertigd\u00f6me, K &#8211; Kungad\u00f6me, V &#8211; Vice-grevskap.<\/p>\n<h2>A<\/h2>\n<p><a title=\"Kungarna av Anglia\" href=\"https:\/\/mikehenry.se\/arsmagica\/?p=257\">Kungarna av Anglia<\/a> (K.), <a title=\"Hertigarna av Aquitain\" href=\"https:\/\/mikehenry.se\/arsmagica\/?p=277\">Hertigarna av Aquitain<\/a> (H.), <a title=\"Kungarna av Arag\u00f3n\" href=\"https:\/\/mikehenry.se\/arsmagica\/?p=285\">Kungarna av Arag\u00f3n<\/a> (K.)<\/p>\n<h2>B<\/h2>\n<h2>C<\/h2>\n<h2>D<\/h2>\n<h2>E<\/h2>\n<h2>F<\/h2>\n<p><a title=\"Grevarna av Foix\" href=\"https:\/\/mikehenry.se\/arsmagica\/?p=295\">Grevarna av Foix<\/a> (G.), <a title=\"Kungarna av Francia\" href=\"https:\/\/mikehenry.se\/arsmagica\/?p=304\">Kungarna av Francia<\/a> (K.)<\/p>\n<h2>G<\/h2>\n<h2>H<\/h2>\n<p><a title=\"Kejsarna av Det Heliga Romerska Imperiet\" href=\"https:\/\/mikehenry.se\/arsmagica\/?p=464\">Kejsarna av det Heliga Romerska Imperiet<\/a> (K.)<\/p>\n<h2>I<\/h2>\n<h2>J<\/h2>\n<p>Isabella av Hainault, <a title=\"Kungarna av Jerusalem\" href=\"https:\/\/mikehenry.se\/arsmagica\/?p=307\">Kungarna av Jerusalem<\/a> (K.)<\/p>\n<h2>K<\/h2>\n<p>Katharer<\/p>\n<h2>L<\/h2>\n<h2>M<\/h2>\n<h2>N<\/h2>\n<h2>O<\/h2>\n<h2>P<\/h2>\n<h2>Q<\/h2>\n<h2>R<\/h2>\n<p><a title=\"P\u00e5varna i Rom\" href=\"https:\/\/mikehenry.se\/arsmagica\/?p=547\">P\u00e5varna i Rom<\/a><\/p>\n<h2>S<\/h2>\n<p>Stormryttaren, <a title=\"Kungarna av Sicilien\" href=\"https:\/\/mikehenry.se\/arsmagica\/?p=530\">Kungarna av Sicilien<\/a> (K.)<\/p>\n<h2>T<\/h2>\n<p><a title=\"Grevarna av Toulouse\" href=\"https:\/\/mikehenry.se\/arsmagica\/?p=310\">Grevarna av Toulouse<\/a> (G.), <a title=\"Viscomterna av Trencavel\" href=\"https:\/\/mikehenry.se\/arsmagica\/?p=315\">Viscomterna av Trencavel<\/a> (V.)<\/p>\n<h2>U<\/h2>\n<p><a title=\"Baronerna av Uverre\" href=\"https:\/\/mikehenry.se\/arsmagica\/?p=318\">Baronerna av Uverre<\/a> (B.)<\/p>\n<h2>V<\/h2>\n<h2>W<\/h2>\n<h2>X<\/h2>\n<h2>Y<\/h2>\n<h2>Z<\/h2>\n","protected":false},"excerpt":{"rendered":"<p>E\u00e4rop\u00e9a inneh\u00e5ller m\u00e4rkliga och fantastiska individer, folkslag och varelse. Nedanst\u00e5ende index inneh\u00e5ller l\u00e4nkar till folk och varelser som f\u00f6rekommer i sagan. B\u00e5de individer och deras sl\u00e4kt finns med. F\u00f6r adliga sl\u00e4kter anges f\u00f6rkortningen f\u00f6r sl\u00e4ktens rang, efter sl\u00e4ktnamnet: B &#8211; Baroni, G &#8211; Grevskap, H &#8211; Hertigd\u00f6me, K &#8211; Kungad\u00f6me, V &#8211; Vice-grevskap. A Kungarna &hellip; <a href=\"https:\/\/mikehenry.se\/arsmagica\/world\/beings\/\" class=\"more-link\">Continue reading <span class=\"meta-nav\">&rarr;<\/span><\/a><\/p>\n","protected":false},"author":1,"featured_media":0,"parent":17,"menu_order":1,"comment_status":"open","ping_status":"closed","template":"","meta":{"jetpack_post_was_ever_published":false,"footnotes":""},"class_list":["post-19","page","type-page","status-publish","hentry"],"jetpack_sharing_enabled":true,"jetpack_shortlink":"https:\/\/wp.me\/P4Pfdx-j","_links":{"self":[{"href":"https:\/\/mikehenry.se\/arsmagica\/wp-json\/wp\/v2\/pages\/19","targetHints":{"allow":["GET"]}}],"collection":[{"href":"https:\/\/mikehenry.se\/arsmagica\/wp-json\/wp\/v2\/pages"}],"about":[{"href":"https:\/\/mikehenry.se\/arsmagica\/wp-json\/wp\/v2\/types\/page"}],"author":[{"embeddable":true,"href":"https:\/\/mikehenry.se\/arsmagica\/wp-json\/wp\/v2\/users\/1"}],"replies":[{"embeddable":true,"href":"https:\/\/mikehenry.se\/arsmagica\/wp-json\/wp\/v2\/comments?post=19"}],"version-history":[{"count":16,"href":"https:\/\/mikehenry.se\/arsmagica\/wp-json\/wp\/v2\/pages\/19\/revisions"}],"predecessor-version":[{"id":553,"href":"https:\/\/mikehenry.se\/arsmagica\/wp-json\/wp\/v2\/pages\/19\/revisions\/553"}],"up":[{"embeddable":true,"href":"https:\/\/mikehenry.se\/arsmagica\/wp-json\/wp\/v2\/pages\/17"}],"wp:attachment":[{"href":"https:\/\/mikehenry.se\/arsmagica\/wp-json\/wp\/v2\/media?parent=19"}],"curies":[{"name":"wp","href":"https:\/\/api.w.org\/{rel}","templated":true}]}}