{"id":17,"date":"2014-07-13T00:53:36","date_gmt":"2014-07-12T22:53:36","guid":{"rendered":"https:\/\/mikehenry.se\/arsmagica\/?page_id=17"},"modified":"2016-02-20T22:25:56","modified_gmt":"2016-02-20T21:25:56","slug":"world","status":"publish","type":"page","link":"https:\/\/mikehenry.se\/arsmagica\/world\/","title":{"rendered":"V\u00e4rlden"},"content":{"rendered":"<p>Handlingen i denna Saga utspelar sig i och kring det \u00e4nnu r\u00e4tt storslagna Magicker-gillet Mistridge. Mistridge ligger i en skuggig dal, vid f\u00f6tterna av ett m\u00e4ktigt bergsmassiv, i den s\u00f6dra delen av Kungad\u00f6met Francia. Det \u00e4r en kall vinter i n\u00e5dens \u00e5r <a title=\"Historia\" href=\"https:\/\/mikehenry.se\/arsmagica\/?page_id=48#1184\">1187<\/a> och det \u00e4r en tid f\u00f6r k\u00e4tteri, chivalri och trubadurernas k\u00e4rleksbalader.<\/p>\n<p>Men det \u00e4r os\u00e4kra tider och mycket sp\u00e4nningar finns i E\u00e4rop\u00e9a just nu. L\u00e5ngt i \u00f6ster, p\u00e5 andra sidan havet, h\u00e5ller det <a title=\"Kungarna av Jerusalem\" href=\"https:\/\/mikehenry.se\/arsmagica\/?p=307\">Heliga Kungariket Jerusalem<\/a> p\u00e5 att falla f\u00f6r de vantrogna Saracenerna under den m\u00e4ktige World-Beings-Nobles-Saladin?. I s\u00f6der, i <a title=\"Iberia\" href=\"https:\/\/mikehenry.se\/arsmagica\/?p=387\">Iberia<\/a>, p\u00e5 andra sidan bergen, \u00e5terer\u00f6vrar man landomr\u00e5den som ockuperats av de m\u00f6rkhyade och vantrogna Morerna. I v\u00e4ster regerar Hertiginnan, numera Drottningen <a title=\"Hertigarna av Aquitain\" href=\"https:\/\/mikehenry.se\/arsmagica\/?p=277#EleanoreAvAquitain\">Eleanore av Aquitain<\/a>, som gifte om sig med den Angliska kungen, <a title=\"Kungarna av Anglia\" href=\"https:\/\/mikehenry.se\/arsmagica\/?p=257#HenryII\">Henry II<\/a>. I norr h\u00e4rskar Kung <a title=\"Kungarna av Francia\" href=\"https:\/\/mikehenry.se\/arsmagica\/?p=304#PhilipII\">Philip II av Francia<\/a>, som trots sina ringa \u00e5r redan har \u00e5tertagit mycket av sina f\u00f6rf\u00e4ders f\u00f6rlorade landomr\u00e5den. Sp\u00e4nningen \u00e4r h\u00f6g och intriger finns \u00f6verallt&#8230;<\/p>\n<p><a href=\"https:\/\/i0.wp.com\/mikehenry.se\/arsmagica\/wp-content\/uploads\/2014\/07\/MythEuro.jpg?ssl=1\"><img data-recalc-dims=\"1\" loading=\"lazy\" decoding=\"async\" class=\"aligncenter size-large wp-image-605\" src=\"https:\/\/i0.wp.com\/mikehenry.se\/arsmagica\/wp-content\/uploads\/2014\/07\/MythEuro.jpg?resize=545%2C353&#038;ssl=1\" alt=\"MythEuro\" width=\"545\" height=\"353\" srcset=\"https:\/\/i0.wp.com\/mikehenry.se\/arsmagica\/wp-content\/uploads\/2014\/07\/MythEuro.jpg?resize=1024%2C664&amp;ssl=1 1024w, https:\/\/i0.wp.com\/mikehenry.se\/arsmagica\/wp-content\/uploads\/2014\/07\/MythEuro.jpg?resize=300%2C194&amp;ssl=1 300w, https:\/\/i0.wp.com\/mikehenry.se\/arsmagica\/wp-content\/uploads\/2014\/07\/MythEuro.jpg?w=1090&amp;ssl=1 1090w, https:\/\/i0.wp.com\/mikehenry.se\/arsmagica\/wp-content\/uploads\/2014\/07\/MythEuro.jpg?w=1635&amp;ssl=1 1635w\" sizes=\"auto, (max-width: 545px) 100vw, 545px\" \/><\/a>Han har mycket att st\u00e5 i <a title=\"Kungarna av Francia\" href=\"https:\/\/mikehenry.se\/arsmagica\/?p=304#PhilipII\">Philip II<\/a>, &#8221;Augustus&#8221; som en del kallar honom: P\u00e5ven i Rom, <a title=\"P\u00e5varna i Rom\" href=\"https:\/\/mikehenry.se\/arsmagica\/?p=547#ClementIII\">Pont Max Clement III<\/a> kr\u00e4ver att kungen g\u00f6r n\u00e5gonting \u00e5t de k\u00e4tterska l\u00e4ror som sprids i s\u00f6dra Languedoc. Och nu n\u00e4r Philip verkar komma att ta korset kommer det nog bli sv\u00e5rt att s\u00e4ga nej, speciellt som greven <a title=\"Grevarna av Toulouse\" href=\"https:\/\/mikehenry.se\/arsmagica\/?p=310#RaymondV\">Raymond V av Tolouse<\/a> riskerar att bannlysas om han h\u00e5ller Katharerna om ryggen och trotsar b\u00e5de Kungen och P\u00e5ven.<\/p>\n<p>Som om inte mond\u00e4nerna orsakade tillr\u00e4ckligt med problem, s\u00e5 \u00e4r det f\u00f6r n\u00e4rvarande stor uppst\u00e5ndelse i gillet. Alla Magickerna utom Felix \u00e4r p\u00e5 en tribunal i bergen l\u00e4ngre s\u00f6derut, i ett gille som heter Doissetep. Mistridge \u00e4r f\u00f6r n\u00e4rvarande inblandat i en dispyt med gillet Windgraven \u00f6ver en v\u00e4rdefull magisk damm. Mistridge \u00e4ger denna damm som ligger p\u00e5 berget Tiern\u00e9s sluttningar men Windgraven kr\u00e4ver den f\u00f6r eget bruk.<\/p>\n<p>F\u00f6r att s\u00e4ga det minsta s\u00e5 \u00e4r man r\u00e4tt irriterad \u00f6ver detta och ingen vet hur det kommer att sluta eller vem som kommer att f\u00e5 r\u00e4tten till dammen. Det kan ocks\u00e5 komma att inneb\u00e4ra regelr\u00e4tt krig mellan dessa tv\u00e5 Hermetiska br\u00f6dragillen.<\/p>\n","protected":false},"excerpt":{"rendered":"<p>Handlingen i denna Saga utspelar sig i och kring det \u00e4nnu r\u00e4tt storslagna Magicker-gillet Mistridge. Mistridge ligger i en skuggig dal, vid f\u00f6tterna av ett m\u00e4ktigt bergsmassiv, i den s\u00f6dra delen av Kungad\u00f6met Francia. Det \u00e4r en kall vinter i n\u00e5dens \u00e5r 1187 och det \u00e4r en tid f\u00f6r k\u00e4tteri, chivalri och trubadurernas k\u00e4rleksbalader. Men &hellip; <a href=\"https:\/\/mikehenry.se\/arsmagica\/world\/\" class=\"more-link\">Continue reading <span class=\"meta-nav\">&rarr;<\/span><\/a><\/p>\n","protected":false},"author":1,"featured_media":605,"parent":0,"menu_order":1,"comment_status":"open","ping_status":"closed","template":"","meta":{"jetpack_post_was_ever_published":false,"footnotes":""},"class_list":["post-17","page","type-page","status-publish","has-post-thumbnail","hentry"],"jetpack_sharing_enabled":true,"jetpack_shortlink":"https:\/\/wp.me\/P4Pfdx-h","_links":{"self":[{"href":"https:\/\/mikehenry.se\/arsmagica\/wp-json\/wp\/v2\/pages\/17","targetHints":{"allow":["GET"]}}],"collection":[{"href":"https:\/\/mikehenry.se\/arsmagica\/wp-json\/wp\/v2\/pages"}],"about":[{"href":"https:\/\/mikehenry.se\/arsmagica\/wp-json\/wp\/v2\/types\/page"}],"author":[{"embeddable":true,"href":"https:\/\/mikehenry.se\/arsmagica\/wp-json\/wp\/v2\/users\/1"}],"replies":[{"embeddable":true,"href":"https:\/\/mikehenry.se\/arsmagica\/wp-json\/wp\/v2\/comments?post=17"}],"version-history":[{"count":7,"href":"https:\/\/mikehenry.se\/arsmagica\/wp-json\/wp\/v2\/pages\/17\/revisions"}],"predecessor-version":[{"id":647,"href":"https:\/\/mikehenry.se\/arsmagica\/wp-json\/wp\/v2\/pages\/17\/revisions\/647"}],"wp:featuredmedia":[{"embeddable":true,"href":"https:\/\/mikehenry.se\/arsmagica\/wp-json\/wp\/v2\/media\/605"}],"wp:attachment":[{"href":"https:\/\/mikehenry.se\/arsmagica\/wp-json\/wp\/v2\/media?parent=17"}],"curies":[{"name":"wp","href":"https:\/\/api.w.org\/{rel}","templated":true}]}}